{"id":3710,"date":"2025-09-09T18:14:48","date_gmt":"2025-09-09T16:14:48","guid":{"rendered":"https:\/\/virtusmediterraneo.com\/?post_type=product&#038;p=3710"},"modified":"2026-03-10T12:42:51","modified_gmt":"2026-03-10T10:42:51","slug":"orecchini-pendenti-a-pallina-rosso","status":"publish","type":"product","link":"https:\/\/virtusmediterraneo.com\/en\/product\/orecchini-pendenti-a-pallina-rosso\/","title":{"rendered":"Orecchini Pendenti Virtus Mediterraneo: Ceramica Rossa Artigianale"},"content":{"rendered":"<h2>Virtus Mediterraneo: Eleganza Artigianale in Ceramica<\/h2>\n<p>Gli orecchini pendenti Virtus Mediterraneo incarnano l&#8217;essenza dell&#8217;artigianato di lusso. Ogni pallina di ceramica rossa \u00e8 plasmata con cura, riflettendo la passione per la perfezione che contraddistingue il brand. La vibrante tonalit\u00e0 rossa, ottenuta attraverso un&#8217;attenta selezione dei pigmenti, cattura la luce e dona un tocco di vivace raffinatezza. La chiusura in acciaio inox anallergico garantisce comfort e sicurezza, permettendo di indossare questi gioielli con la massima serenit\u00e0. Virtus Mediterraneo celebra la bellezza senza tempo, creando pezzi unici che esaltano la personalit\u00e0 di chi li indossa. La maestria artigiana si fonde con un design contemporaneo, dando vita a un accessorio che trascende le tendenze, diventando un&#8217;icona di stile.<\/p>\n<p>Questi orecchini sono un omaggio alla bellezza del Mediterraneo, un invito a celebrare la gioia e la vitalit\u00e0. La cura dei dettagli, dalla scelta dei materiali alla finitura, testimonia l&#8217;impegno di Virtus Mediterraneo nel creare gioielli di alta qualit\u00e0, destinati a durare nel tempo. Indossare un gioiello Virtus Mediterraneo significa abbracciare un&#8217;eredit\u00e0 di eleganza e raffinatezza, un simbolo di unicit\u00e0 e di stile inconfondibile.<\/p>","protected":false},"excerpt":{"rendered":"<ul>\n<li>Orecchini pendenti a pallina in ceramica rossa.<\/li>\n<li>Chiusura in acciaio inox anallergico.<\/li>\n<li>Design artigianale Virtus Mediterraneo.<\/li>\n<\/ul>","protected":false},"featured_media":3076,"comment_status":"open","ping_status":"closed","template":"","meta":[],"product_brand":[50],"product_cat":[150,143,153],"product_tag":[288,292,298,287,289,300,312,301],"class_list":{"0":"post-3710","1":"product","2":"type-product","3":"status-publish","4":"has-post-thumbnail","6":"product_brand-virtus-mediterraneo","7":"product_cat-donna-gioielli-bijoux-in-ceramica","8":"product_cat-gioielli-bijoux-in-ceramica","9":"product_cat-orecchini-donna-gioielli-bijoux-in-ceramica","10":"product_tag-acciaio","11":"product_tag-anallergico","12":"product_tag-artiginali","13":"product_tag-chiusura","14":"product_tag-inox","15":"product_tag-orecchini","16":"product_tag-pallina","17":"product_tag-pendenti","18":"pa_colore-rosso","20":"first","21":"instock","22":"sale","23":"shipping-taxable","24":"purchasable","25":"product-type-simple"},"yoast_head":"<!-- This site is optimized with the Yoast SEO Premium plugin v20.7 (Yoast SEO v26.1.1) - https:\/\/yoast.com\/wordpress\/plugins\/seo\/ -->\n<title>Orecchini Pendenti Virtus Mediterraneo: Ceramica Rossa Artigianale - Virtus Mediterraneo<\/title>\n<meta name=\"description\" content=\"Orecchini pendenti a pallina Rosso. artiginali in ceramica con chiusura acciaio inox anallergico\" \/>\n<meta name=\"robots\" content=\"index, follow, max-snippet:-1, max-image-preview:large, max-video-preview:-1\" \/>\n<link rel=\"canonical\" href=\"https:\/\/virtusmediterraneo.com\/en\/product\/orecchini-pendenti-a-pallina-rosso\/\" \/>\n<meta property=\"og:locale\" content=\"en_GB\" \/>\n<meta property=\"og:type\" content=\"article\" \/>\n<meta property=\"og:title\" content=\"Orecchini Pendenti Virtus Mediterraneo: Ceramica Rossa Artigianale\" \/>\n<meta property=\"og:description\" content=\"Orecchini pendenti a pallina Rosso. artiginali in ceramica con chiusura acciaio inox anallergico\" \/>\n<meta property=\"og:url\" content=\"https:\/\/virtusmediterraneo.com\/en\/product\/orecchini-pendenti-a-pallina-rosso\/\" \/>\n<meta property=\"og:site_name\" content=\"Virtus Mediterraneo\" \/>\n<meta property=\"article:modified_time\" content=\"2026-03-10T10:42:51+00:00\" \/>\n<meta property=\"og:image\" content=\"https:\/\/virtusmediterraneo.com\/wp-content\/uploads\/2025\/09\/9173.jpg\" \/>\n\t<meta property=\"og:image:width\" content=\"1800\" \/>\n\t<meta property=\"og:image:height\" content=\"2400\" \/>\n\t<meta property=\"og:image:type\" content=\"image\/jpeg\" \/>\n<meta name=\"twitter:card\" content=\"summary_large_image\" \/>\n<meta name=\"twitter:label1\" content=\"Estimated reading time\" \/>\n\t<meta name=\"twitter:data1\" content=\"1 minute\" \/>\n<script type=\"application\/ld+json\" class=\"yoast-schema-graph\">{\"@context\":\"https:\/\/schema.org\",\"@graph\":[{\"@type\":\"WebPage\",\"@id\":\"https:\/\/virtusmediterraneo.com\/prodotto\/orecchini-pendenti-a-pallina-rosso\/\",\"url\":\"https:\/\/virtusmediterraneo.com\/prodotto\/orecchini-pendenti-a-pallina-rosso\/\",\"name\":\"Orecchini Pendenti Virtus Mediterraneo: Ceramica Rossa Artigianale - Virtus Mediterraneo\",\"isPartOf\":{\"@id\":\"https:\/\/virtusmediterraneo.com\/#website\"},\"primaryImageOfPage\":{\"@id\":\"https:\/\/virtusmediterraneo.com\/prodotto\/orecchini-pendenti-a-pallina-rosso\/#primaryimage\"},\"image\":{\"@id\":\"https:\/\/virtusmediterraneo.com\/prodotto\/orecchini-pendenti-a-pallina-rosso\/#primaryimage\"},\"thumbnailUrl\":\"https:\/\/virtusmediterraneo.com\/wp-content\/uploads\/2025\/09\/9173.jpg\",\"datePublished\":\"2025-09-09T16:14:48+00:00\",\"dateModified\":\"2026-03-10T10:42:51+00:00\",\"description\":\"Orecchini pendenti a pallina Rosso. artiginali in ceramica con chiusura acciaio inox anallergico\",\"breadcrumb\":{\"@id\":\"https:\/\/virtusmediterraneo.com\/prodotto\/orecchini-pendenti-a-pallina-rosso\/#breadcrumb\"},\"inLanguage\":\"en-GB\",\"potentialAction\":[{\"@type\":\"ReadAction\",\"target\":[\"https:\/\/virtusmediterraneo.com\/prodotto\/orecchini-pendenti-a-pallina-rosso\/\"]}]},{\"@type\":\"ImageObject\",\"inLanguage\":\"en-GB\",\"@id\":\"https:\/\/virtusmediterraneo.com\/prodotto\/orecchini-pendenti-a-pallina-rosso\/#primaryimage\",\"url\":\"https:\/\/virtusmediterraneo.com\/wp-content\/uploads\/2025\/09\/9173.jpg\",\"contentUrl\":\"https:\/\/virtusmediterraneo.com\/wp-content\/uploads\/2025\/09\/9173.jpg\",\"width\":1800,\"height\":2400},{\"@type\":\"BreadcrumbList\",\"@id\":\"https:\/\/virtusmediterraneo.com\/prodotto\/orecchini-pendenti-a-pallina-rosso\/#breadcrumb\",\"itemListElement\":[{\"@type\":\"ListItem\",\"position\":1,\"name\":\"Home\",\"item\":\"https:\/\/virtusmediterraneo.com\/\"},{\"@type\":\"ListItem\",\"position\":2,\"name\":\"Shop\",\"item\":\"https:\/\/virtusmediterraneo.com\/shop\/\"},{\"@type\":\"ListItem\",\"position\":3,\"name\":\"Orecchini Pendenti Virtus Mediterraneo: Ceramica Rossa Artigianale\"}]},{\"@type\":\"WebSite\",\"@id\":\"https:\/\/virtusmediterraneo.com\/#website\",\"url\":\"https:\/\/virtusmediterraneo.com\/\",\"name\":\"Virtus Mediterraneo\",\"description\":\"Mediterranean finest good\",\"publisher\":{\"@id\":\"https:\/\/virtusmediterraneo.com\/#organization\"},\"potentialAction\":[{\"@type\":\"SearchAction\",\"target\":{\"@type\":\"EntryPoint\",\"urlTemplate\":\"https:\/\/virtusmediterraneo.com\/?s={search_term_string}\"},\"query-input\":{\"@type\":\"PropertyValueSpecification\",\"valueRequired\":true,\"valueName\":\"search_term_string\"}}],\"inLanguage\":\"en-GB\"},{\"@type\":\"Organization\",\"@id\":\"https:\/\/virtusmediterraneo.com\/#organization\",\"name\":\"Virtus Mediterraneo\",\"url\":\"https:\/\/virtusmediterraneo.com\/\",\"logo\":{\"@type\":\"ImageObject\",\"inLanguage\":\"en-GB\",\"@id\":\"https:\/\/virtusmediterraneo.com\/#\/schema\/logo\/image\/\",\"url\":\"https:\/\/virtusmediterraneo.com\/wp-content\/uploads\/2025\/08\/Logo-Vettoriale-Virtus-Mediterraneo_Tavola-disegno-1.svg\",\"contentUrl\":\"https:\/\/virtusmediterraneo.com\/wp-content\/uploads\/2025\/08\/Logo-Vettoriale-Virtus-Mediterraneo_Tavola-disegno-1.svg\",\"width\":1417,\"height\":559,\"caption\":\"Virtus Mediterraneo\"},\"image\":{\"@id\":\"https:\/\/virtusmediterraneo.com\/#\/schema\/logo\/image\/\"}}]}<\/script>\n<!-- \/ Yoast SEO Premium plugin. -->","yoast_head_json":{"title":"Orecchini Pendenti Virtus Mediterraneo: Ceramica Rossa Artigianale - Virtus Mediterraneo","description":"Orecchini pendenti a pallina Rosso. artiginali in ceramica con chiusura acciaio inox anallergico","robots":{"index":"index","follow":"follow","max-snippet":"max-snippet:-1","max-image-preview":"max-image-preview:large","max-video-preview":"max-video-preview:-1"},"canonical":"https:\/\/virtusmediterraneo.com\/en\/product\/orecchini-pendenti-a-pallina-rosso\/","og_locale":"en_GB","og_type":"article","og_title":"Orecchini Pendenti Virtus Mediterraneo: Ceramica Rossa Artigianale","og_description":"Orecchini pendenti a pallina Rosso. artiginali in ceramica con chiusura acciaio inox anallergico","og_url":"https:\/\/virtusmediterraneo.com\/en\/product\/orecchini-pendenti-a-pallina-rosso\/","og_site_name":"Virtus Mediterraneo","article_modified_time":"2026-03-10T10:42:51+00:00","og_image":[{"width":1800,"height":2400,"url":"https:\/\/virtusmediterraneo.com\/wp-content\/uploads\/2025\/09\/9173.jpg","type":"image\/jpeg"}],"twitter_card":"summary_large_image","twitter_misc":{"Estimated reading time":"1 minute"},"schema":{"@context":"https:\/\/schema.org","@graph":[{"@type":"WebPage","@id":"https:\/\/virtusmediterraneo.com\/prodotto\/orecchini-pendenti-a-pallina-rosso\/","url":"https:\/\/virtusmediterraneo.com\/prodotto\/orecchini-pendenti-a-pallina-rosso\/","name":"Orecchini Pendenti Virtus Mediterraneo: Ceramica Rossa Artigianale - Virtus Mediterraneo","isPartOf":{"@id":"https:\/\/virtusmediterraneo.com\/#website"},"primaryImageOfPage":{"@id":"https:\/\/virtusmediterraneo.com\/prodotto\/orecchini-pendenti-a-pallina-rosso\/#primaryimage"},"image":{"@id":"https:\/\/virtusmediterraneo.com\/prodotto\/orecchini-pendenti-a-pallina-rosso\/#primaryimage"},"thumbnailUrl":"https:\/\/virtusmediterraneo.com\/wp-content\/uploads\/2025\/09\/9173.jpg","datePublished":"2025-09-09T16:14:48+00:00","dateModified":"2026-03-10T10:42:51+00:00","description":"Orecchini pendenti a pallina Rosso. artiginali in ceramica con chiusura acciaio inox anallergico","breadcrumb":{"@id":"https:\/\/virtusmediterraneo.com\/prodotto\/orecchini-pendenti-a-pallina-rosso\/#breadcrumb"},"inLanguage":"en-GB","potentialAction":[{"@type":"ReadAction","target":["https:\/\/virtusmediterraneo.com\/prodotto\/orecchini-pendenti-a-pallina-rosso\/"]}]},{"@type":"ImageObject","inLanguage":"en-GB","@id":"https:\/\/virtusmediterraneo.com\/prodotto\/orecchini-pendenti-a-pallina-rosso\/#primaryimage","url":"https:\/\/virtusmediterraneo.com\/wp-content\/uploads\/2025\/09\/9173.jpg","contentUrl":"https:\/\/virtusmediterraneo.com\/wp-content\/uploads\/2025\/09\/9173.jpg","width":1800,"height":2400},{"@type":"BreadcrumbList","@id":"https:\/\/virtusmediterraneo.com\/prodotto\/orecchini-pendenti-a-pallina-rosso\/#breadcrumb","itemListElement":[{"@type":"ListItem","position":1,"name":"Home","item":"https:\/\/virtusmediterraneo.com\/"},{"@type":"ListItem","position":2,"name":"Shop","item":"https:\/\/virtusmediterraneo.com\/shop\/"},{"@type":"ListItem","position":3,"name":"Orecchini Pendenti Virtus Mediterraneo: Ceramica Rossa Artigianale"}]},{"@type":"WebSite","@id":"https:\/\/virtusmediterraneo.com\/#website","url":"https:\/\/virtusmediterraneo.com\/","name":"Virtus Mediterraneo","description":"Mediterranean finest good","publisher":{"@id":"https:\/\/virtusmediterraneo.com\/#organization"},"potentialAction":[{"@type":"SearchAction","target":{"@type":"EntryPoint","urlTemplate":"https:\/\/virtusmediterraneo.com\/?s={search_term_string}"},"query-input":{"@type":"PropertyValueSpecification","valueRequired":true,"valueName":"search_term_string"}}],"inLanguage":"en-GB"},{"@type":"Organization","@id":"https:\/\/virtusmediterraneo.com\/#organization","name":"Virtus Mediterraneo","url":"https:\/\/virtusmediterraneo.com\/","logo":{"@type":"ImageObject","inLanguage":"en-GB","@id":"https:\/\/virtusmediterraneo.com\/#\/schema\/logo\/image\/","url":"https:\/\/virtusmediterraneo.com\/wp-content\/uploads\/2025\/08\/Logo-Vettoriale-Virtus-Mediterraneo_Tavola-disegno-1.svg","contentUrl":"https:\/\/virtusmediterraneo.com\/wp-content\/uploads\/2025\/08\/Logo-Vettoriale-Virtus-Mediterraneo_Tavola-disegno-1.svg","width":1417,"height":559,"caption":"Virtus Mediterraneo"},"image":{"@id":"https:\/\/virtusmediterraneo.com\/#\/schema\/logo\/image\/"}}]}},"_links":{"self":[{"href":"https:\/\/virtusmediterraneo.com\/en\/wp-json\/wp\/v2\/product\/3710","targetHints":{"allow":["GET"]}}],"collection":[{"href":"https:\/\/virtusmediterraneo.com\/en\/wp-json\/wp\/v2\/product"}],"about":[{"href":"https:\/\/virtusmediterraneo.com\/en\/wp-json\/wp\/v2\/types\/product"}],"replies":[{"embeddable":true,"href":"https:\/\/virtusmediterraneo.com\/en\/wp-json\/wp\/v2\/comments?post=3710"}],"version-history":[{"count":2,"href":"https:\/\/virtusmediterraneo.com\/en\/wp-json\/wp\/v2\/product\/3710\/revisions"}],"predecessor-version":[{"id":5543,"href":"https:\/\/virtusmediterraneo.com\/en\/wp-json\/wp\/v2\/product\/3710\/revisions\/5543"}],"wp:featuredmedia":[{"embeddable":true,"href":"https:\/\/virtusmediterraneo.com\/en\/wp-json\/wp\/v2\/media\/3076"}],"wp:attachment":[{"href":"https:\/\/virtusmediterraneo.com\/en\/wp-json\/wp\/v2\/media?parent=3710"}],"wp:term":[{"taxonomy":"product_brand","embeddable":true,"href":"https:\/\/virtusmediterraneo.com\/en\/wp-json\/wp\/v2\/product_brand?post=3710"},{"taxonomy":"product_cat","embeddable":true,"href":"https:\/\/virtusmediterraneo.com\/en\/wp-json\/wp\/v2\/product_cat?post=3710"},{"taxonomy":"product_tag","embeddable":true,"href":"https:\/\/virtusmediterraneo.com\/en\/wp-json\/wp\/v2\/product_tag?post=3710"}],"curies":[{"name":"wp","href":"https:\/\/api.w.org\/{rel}","templated":true}]}}